{"id":20,"date":"2025-09-24T14:01:04","date_gmt":"2025-09-24T17:01:04","guid":{"rendered":"https:\/\/algarvemy.com\/?page_id=20"},"modified":"2025-10-12T04:05:42","modified_gmt":"2025-10-12T07:05:42","slug":"praias","status":"publish","type":"page","link":"https:\/\/algarvemy.com\/?page_id=20","title":{"rendered":"Praias"},"content":{"rendered":"\n<h2 class=\"wp-block-heading\">Praia do Camilo (Lagos)<\/h2>\n\n\n\n<p>A Praia do Camilo tem uma pequena faixa de areia entre um pared\u00e3o de fal\u00e9sias, completamente protegida do vento e com \u00e1guas tranquilas. A cara do Algarve! \u00c9 uma das praias mais famosas e bonitas de Lagos e fica pr\u00f3xima \u00e0 Ponta da Piedade \u2014 outro importante ponto tur\u00edstico da regi\u00e3o que vale a pena ser visitado em um fim de tarde, ap\u00f3s um dia de praia. Para chegar \u00e0 Praia do Camilo deve-se descer uma escadaria em madeira com cerca de 200 degraus. Dali do alto j\u00e1 se tem um deslumbrante visual de toda a linha costeira do Algarve, ou pelo menos at\u00e9 onde os olhos alcan\u00e7am.<\/p>\n\n\n\n<p><\/p>\n\n\n\n<figure class=\"wp-block-image is-resized\"><img decoding=\"async\" src=\"https:\/\/www.melhoresdestinos.com.br\/wp-content\/uploads\/2020\/07\/melhores-praias-algarve-camilo-1.jpg\" alt=\"melhores praias do algarve\" class=\"wp-image-224972\" style=\"width:712px;height:auto\"\/><\/figure>\n\n\n\n<p>\u00c9 por isso que at\u00e9 mesmo quem n\u00e3o est\u00e1 para praia deve visitar o local, que faz jus aos mais belos cart\u00f5es postais do Algarve. Na praia a faixa de areia costuma ser bem disputada e n\u00e3o h\u00e1 qualquer quiosque com bebidas e comidas, a n\u00e3o ser acima da fal\u00e9sia, Al\u00e9m da beleza, outro ponto alto da Praia do Camilo \u00e9 sua localiza\u00e7\u00e3o, a menos de meia hora de caminhada do centro de Lagos.<\/p>\n\n\n\n<h2 class=\"wp-block-heading\">Dona Ana (Lagos)<\/h2>\n\n\n\n<p>A Praia de Dona Ana j\u00e1 foi considerada uma das mais bonitas do mundo pela revista de turismo Cond\u00e9 Nast Traveller. E n\u00e3o \u00e9 mentira. Ao chegar ao pequeno mirante sobre a praia j\u00e1 d\u00e1 para ver a beleza do local, com suas curiosas forma\u00e7\u00f5es rochosas esculpidas pelas \u00e1guas \u2014 que formam pared\u00f5es, mas tamb\u00e9m se desprendem e formam verdadeiras esculturas em pleno mar.<\/p>\n\n\n\n<figure class=\"wp-block-image is-resized\"><img decoding=\"async\" src=\"https:\/\/www.melhoresdestinos.com.br\/wp-content\/uploads\/2020\/07\/melhores-praias-algarve-dona-ana-1.jpg\" alt=\"melhores praias do algarve\" class=\"wp-image-224966\" style=\"width:718px;height:auto\"\/><\/figure>\n\n\n\n<div class=\"wp-block-group is-content-justification-left is-layout-constrained wp-container-core-group-is-layout-12dd3699 wp-block-group-is-layout-constrained\">\n<p>Dona Ana fica ao lado da Praia do Camilo (d\u00e1 para ir a p\u00e9 pela estrada de uma para outra) e para chegar at\u00e9 ela tamb\u00e9m \u00e9 preciso descer uma escadaria em madeira. A faixa de areia \u00e9 relativamente extensa para os padr\u00f5es do Algarve e h\u00e1 tamb\u00e9m mais estrutura: quiosques para venda de comidas e bebidas, al\u00e9m de aluguel de cadeiras, guarda-s\u00f3is e caiaque para um passeio pelas \u00e1guas portuguesas.<\/p>\n<\/div>\n\n\n\n<h2 class=\"wp-block-heading\">Praia Jo\u00e3o Arens (Portim\u00e3o)<\/h2>\n\n\n\n<p>Descobrimos a praia de Jo\u00e3o Arens somente porque nos propusemos a percorrer o Algarve de carro parando no maior n\u00famero de praias poss\u00edvel. N\u00e3o \u00e9 das areias mais conhecidas na regi\u00e3o \u2014 o que \u00e9 \u00f3timo para aqueles dias em que se quer sol, sil\u00eancio e \u00e1gua fresca \u2014 mas \u00e9 certamente uma das mais lindas delas. Ela fica escondida entre os pared\u00f5es rochosos de Portim\u00e3o e Alvor e para descer at\u00e9 sua areia \u00e9 preciso fazer uma mini aventura. Mas nada que exija os conhecimentos de um montanhista. Basta seguir por um caminho com cuidado e aten\u00e7\u00e3o.<\/p>\n\n\n\n<figure class=\"wp-block-image\"><img decoding=\"async\" src=\"https:\/\/www.melhoresdestinos.com.br\/wp-content\/uploads\/2020\/07\/melhores-praias-algarve-joao-arens-7-820x544.jpg\" alt=\"\"\/><\/figure>\n\n\n\n<figure class=\"wp-block-image\"><img decoding=\"async\" src=\"https:\/\/www.melhoresdestinos.com.br\/wp-content\/uploads\/2020\/07\/melhores-praias-algarve-joao-arens-6-820x544.jpg\" alt=\"\"\/><\/figure>\n\n\n\n<p>L\u00e1 embaixo, a praia cercada de pared\u00f5es \u00e9 um convite para ficar \u00e0 vontade. Super \u00e0 vontade: voc\u00ea certamente encontrar\u00e1 banhistas nus, curtindo um banho de sol. Se der vontade, fa\u00e7a o mesmo! Ao atravessar a fenda de uma fal\u00e9sia voc\u00ea chega a outra parte da praia, ainda mais isolada e cheia de forma\u00e7\u00f5es rochosas incr\u00edveis. S\u00f3 vale o lembrete: leve o que comer e beber e deixe em casa qualquer pingo de preconceito.<\/p>\n\n\n\n<h2 class=\"wp-block-heading\">Praia do Carvoeiro<\/h2>\n\n\n\n<p>A Praia do Carvoeiro talvez nem esteja entre as mais belas do Algarve (e olha que \u00e9 linda!), mas \u00e9 aquela ideal para um dia sem perrengues: faixa de areia nem t\u00e3o apertada, com todos os servi\u00e7os dispon\u00edveis com facilidade. \u00c9 tamb\u00e9m uma das melhores praias para se hospedar no Algarve.<\/p>\n\n\n\n<p>A praia j\u00e1 come\u00e7a no fim do cal\u00e7ad\u00e3o principal do vilarejo, n\u00e3o \u00e9 preciso fazer trilhas, nem descer escadarias para chegar \u00e0 areia! D\u00e1 para estacionar o carro na cidade, passar o dia na praia, fazer uma pausa para o almo\u00e7o em algum dos tantos restaurantes do agrad\u00e1vel centrinho, tomar um sorvete de sobremesa, passear pelas lojinhas, fazer uma trilha pelo passadi\u00e7o de mais de 500 metros que liga o Algar Seco, na regi\u00e3o alta da cidade, \u00e0s ru\u00ednas do Farol da Nossa Senhora da Concei\u00e7\u00e3o.<\/p>\n\n\n\n<p>Da Praia do Carvoeiro ainda partem passeios de barcos em dire\u00e7\u00e3o ao Algar de Benagil. Assim como Lagos, onde est\u00e3o as praias do Camila e de Dona Ana, Carvoeiro \u00e9 tamb\u00e9m uma das melhores praias para fixar base para explorar o Algarve.<\/p>\n\n\n\n<figure class=\"wp-block-image\"><img decoding=\"async\" src=\"https:\/\/www.melhoresdestinos.com.br\/wp-content\/uploads\/2020\/06\/praia-carvoeiro-algarve-820x545.jpg\" alt=\"\"\/><\/figure>\n\n\n\n<p><\/p>\n\n\n\n<h2 class=\"wp-block-heading\">Praia do Vale do Centeanes (Carvoeiro)<\/h2>\n\n\n\n<p>N\u00e3o distante do vilarejo de Carvoeiro est\u00e1 a Praia do Vale de Centeanes, uma das mais \u201cfam\u00edlia\u201d da regi\u00e3o e de onde parte uma trilha fant\u00e1stica, o Percurso dos Sete Vales Suspensos, que percorre o topo das fal\u00e9sias de algumas das mais belas praias do Algarve. As vistas s\u00e3o incr\u00edveis e claro que ela faz parte da nossa lista de melhores praias do Algarve!<\/p>\n\n\n\n<p>Mas, seguindo: a Praia do Vale de Centeanes tem estacionamento pr\u00f3ximo, \u00e9 acess\u00edvel por uma escadaria e conta com uma extensa faixa de areia. Em uma de suas pontas o pared\u00e3o rochoso (por l\u00e1 chamado de arriba) \u00e9 esculpido pelo mar, dando lugar a uma bela gruta. Um restaurante atende toda a praia e h\u00e1 um quiosque para aluguel de caiaque. Ali\u00e1s, foi da Praia do Vale de Centeanes que partimos em um passeio guiado de caiaque rumo ao Algar de Benagil. Fant\u00e1stico \u2014 sobretudo quando feito bem cedinho, quando as praias, o mar e a gruta est\u00e3o praticamente vazios.<\/p>\n\n\n\n<figure class=\"wp-block-image\"><img decoding=\"async\" src=\"https:\/\/www.melhoresdestinos.com.br\/wp-content\/uploads\/2020\/07\/melhores-praias-algarve-vale-centeanes-5.jpeg\" alt=\"\" class=\"wp-image-224955\"\/><\/figure>\n\n\n\n<p><\/p>\n\n\n\n<p><\/p>\n\n\n\n<h2 class=\"wp-block-heading\">Praia do Carvalho (Carvoeiro)<\/h2>\n\n\n\n<p>Paix\u00e3o \u00e0 primeira vista. Lembro direitinho de chegar pela primeira vez na Praia do Carvalho. Larguei o carro sem ver direito o que me esperava, caminhei um pouco mais em dire\u00e7\u00e3o ao penhasco e l\u00e1 estava uma das praias mais lindas de todo o Algarve. \u00c9 como se fosse um \u201cU\u201d rochoso e, no meio dele, est\u00e1 uma praia de areia fina, um mar de cor incr\u00edvel e um leix\u00e3o logo \u00e0 frente. Leix\u00e3o? Aham, \u00e9 o nome espec\u00edfico para aqueles blocos de rocha que ficam isolados no mar. Voc\u00ea certamente ver\u00e1 v\u00e1rios no Algarve\u2026 e \u00e9 bom ir se acostumando com o nome.<\/p>\n\n\n\n<p>Para chegar \u00e0 areia \u00e9 preciso descer uma pequena escada esculpida no interior da rocha. E ent\u00e3o basta encontrar um cantinho para estender sua toalha. A praia n\u00e3o tem estrutura alguma, nem aluguel de cadeiras, nem restaurantes ou quiosques. E ainda assim \u00e9 a preferida de muitos veranistas para passar o dia. A beleza explica! Al\u00e9m de curtir o dia \u00e0 beira-mar, tire um tempo para fazer um passeio sobre os pared\u00f5es que a cercam. \u00c9 lindo demais ver o colorido dos guarda-s\u00f3is em contraste com o dourado das rochas e o azul-esverdeado do mar.<\/p>\n\n\n\n<figure class=\"wp-block-image\"><img decoding=\"async\" src=\"https:\/\/www.melhoresdestinos.com.br\/wp-content\/uploads\/2020\/07\/melhores-praias-algarve-carvalho-1.jpeg\" alt=\"melhores praias do algarve\" class=\"wp-image-224927\"\/><\/figure>\n\n\n\n<p><\/p>\n\n\n\n<p><\/p>\n\n\n\n<h2 class=\"wp-block-heading\">Praia de Benagil (Carvoeiro)<\/h2>\n\n\n\n<p>A Praia de Benagil \u00e9 uma das mais tumultuadas em todo o Algarve. \u00c9 bem bonita, sim. Mas n\u00e3o \u00e9 isso o que justifica tanto movimento por l\u00e1. O segredo est\u00e1 logo ao lado: o Algar de Benagil, uma praia dentro de uma caverna iluminada pelo raio do sol por meio de um buraco que se formou no teto.<\/p>\n\n\n\n<p>D\u00e1 para ver o algar de cima, percorrendo uma pequena trilha ou ent\u00e3o fazer um passeio de barco ou caiaque que leve at\u00e9 o interior da caverna. Sim, h\u00e1 quem v\u00e1 a nado com ou sem ajuda de colete ou boia \u2014 no entanto, n\u00e3o \u00e9 o mais seguro, uma vez que o trajeto exige um certo esfor\u00e7o, no contrafluxo da \u00e1gua.<\/p>\n\n\n\n<p>H\u00e1 restaurantes no entorno da Praia de Benagil e um extenso estacionamento, que apesar de grande costuma ficar cheio na alta temporada. Pr\u00f3ximo \u00e0 praia, h\u00e1 ainda quiosques de passeios de barco ou aluguel de caiaque, que devem ser reservados com anteced\u00eancia (tentamos em mais de um ver\u00e3o alugar um caiaque na hora e a fila j\u00e1 estava completa at\u00e9 dois dias na frente).<\/p>\n\n\n\n<figure class=\"wp-block-image\"><img decoding=\"async\" src=\"https:\/\/www.melhoresdestinos.com.br\/wp-content\/uploads\/2020\/06\/gruta-benagil-algar-algarve.jpg\" alt=\"melhores praias do algarve\" class=\"wp-image-219912\"\/><\/figure>\n\n\n\n<p><\/p>\n\n\n\n<p><\/p>\n\n\n\n<h2 class=\"wp-block-heading\">Praia da Corredoura (Caramujeira)<\/h2>\n\n\n\n<p>Ao chegar no topo das arribas que cercam a Praia da Corredoura, a sensa\u00e7\u00e3o \u00e9 de estar vendo uma miragem. E n\u00e3o \u00e9 porque o sol bate forte e quente no ver\u00e3o no Algarve, nem porque \u00e9 preciso fazer uma trilha para conseguir chegar perto da praia de \u00e1guas verd\u00edssimas. \u00c9 que \u00e9 linda mesmo! Linda e para poucos. De cima do pared\u00e3o voc\u00ea pode contemplar e tirar belas fotos, mas s\u00f3 chegar\u00e1 at\u00e9 ela pela \u00e1gua.<\/p>\n\n\n\n<p>Os passeios de barco com roteiros pr\u00e9-definidos s\u00f3 passam rapidinho em frente \u00e0 Corredoura. Ent\u00e3o, minha sugest\u00e3o \u00e9 que, se voc\u00ea tiver experi\u00eancia e confian\u00e7a, alugue um caiaque e explore o local. A praia paradis\u00edaca fica ao lado do Algar da Benagil. D\u00e1 muito bem para visit\u00e1-la ap\u00f3s uma remada at\u00e9 o Algar. Se achar muito trabalhoso ou aventureiro, fa\u00e7a pelo menos um trecho do Percurso dos Sete Vales Suspensos para apreciar a vista incr\u00edvel sobre a Corredoura. Imperd\u00edvel!<\/p>\n\n\n\n<figure class=\"wp-block-image\"><img decoding=\"async\" src=\"https:\/\/www.melhoresdestinos.com.br\/wp-content\/uploads\/2020\/06\/praia-corredoura-algarve1.jpg\" alt=\"\" class=\"wp-image-219734\"\/><\/figure>\n\n\n\n<p><\/p>\n\n\n\n<p><\/p>\n\n\n\n<h2 class=\"wp-block-heading\">Praia da Marinha (Caramujeira)<\/h2>\n\n\n\n<p>A Praia da Marinha \u00e9 outra joia do Algarve \u2013 esta de beleza j\u00e1 bem mais conhecida devido ao f\u00e1cil acesso. A praia \u00e9 outra daquelas com uma pequena faixa de areia entre o mar extenso e alto pared\u00e3o rochoso. No alto da arriba, a estrutura \u00e9 boa: h\u00e1 parada de \u00f4nibus, estacionamento, muitas casas de veraneio e bancas de bebidas, comidas e frutas frescas. Para acessar a areia, basta descer uma escadaria em concreto.<\/p>\n\n\n\n<p>No in\u00edcio da praia h\u00e1 ainda outro restaurante. Depois dele, tudo \u00e9 areia, fal\u00e9sia e \u00e1gua salgada. O lugar na praia \u00e9 disputado, sobretudo no auge do ver\u00e3o europeu. De toda forma, ainda que voc\u00ea esteja buscando tranquilidade, vale uma passada por l\u00e1: em uma das pontas da praia h\u00e1 uma bela paisagem com rochas e t\u00faneis naturais. Tamb\u00e9m \u00e9 linda vista de cima.<\/p>\n\n\n\n<figure class=\"wp-block-image\"><img decoding=\"async\" src=\"https:\/\/www.melhoresdestinos.com.br\/wp-content\/uploads\/2020\/07\/melhores-praias-algarve-marinha-1.jpeg\" alt=\"\" class=\"wp-image-224920\"\/><\/figure>\n\n\n\n<p><\/p>\n\n\n\n<p><\/p>\n\n\n\n<h2 class=\"wp-block-heading\">Praia da Albandeira (Caramujeira)<\/h2>\n\n\n\n<p>Das praias aqui listadas, a Albandeira \u00e9 a que fica mais a Leste na costa do Algarve \u2014 ainda assim, a cerca de 25 quil\u00f4metros a oeste de Albufeira, que fica mais ou menos no centro do Algarve. O que isso quer dizer? Que as praias que mais recomendamos est\u00e3o concentradas em uma regi\u00e3o espec\u00edfica, onde as fal\u00e9sias, os altos pared\u00f5es dourados e outras forma\u00e7\u00f5es rochosas completam a beleza do litoral. Pois bem, a Praia da Albandeira \u00e9 bem pequena e mais escondida, por isso n\u00e3o recebe um n\u00famero t\u00e3o grande de visitantes. H\u00e1 um estacionamento e um restaurante no local. Em uma visita \u00e0 Praia da Albandeira, voc\u00ea pode ainda caminhar sobre as fal\u00e9sias e conhecer outras praias como a da Estaquinha e do Salgueiro (a oeste) e Fontainhas e Morena (leste).<\/p>\n\n\n\n<figure class=\"wp-block-image\"><img decoding=\"async\" src=\"https:\/\/www.melhoresdestinos.com.br\/wp-content\/uploads\/2020\/07\/melhores-praias-algarve-albandeira.jpeg\" alt=\"\" class=\"wp-image-224912\"\/><\/figure>\n","protected":false},"excerpt":{"rendered":"<p>Praia do Camilo (Lagos) A Praia do Camilo tem uma pequena faixa de areia entre um pared\u00e3o de fal\u00e9sias, completamente protegida do vento e com \u00e1guas tranquilas. A cara do Algarve! \u00c9 uma das praias mais famosas e bonitas de Lagos e fica pr\u00f3xima \u00e0 Ponta da Piedade \u2014 outro importante ponto tur\u00edstico da regi\u00e3o que vale a pena ser visitado em um fim de tarde, ap\u00f3s um dia de praia. Para chegar \u00e0 Praia do Camilo deve-se descer uma escadaria em madeira com cerca de 200 degraus. Dali do alto j\u00e1 se tem um deslumbrante visual de toda a linha costeira do Algarve, ou pelo menos at\u00e9 onde os olhos alcan\u00e7am. \u00c9 por isso que at\u00e9 mesmo quem n\u00e3o est\u00e1 para praia deve visitar o local, que faz jus aos mais belos cart\u00f5es postais do Algarve. Na praia a faixa de areia costuma ser bem disputada e n\u00e3o h\u00e1 qualquer quiosque com bebidas e comidas, a n\u00e3o ser acima da fal\u00e9sia, Al\u00e9m da beleza, outro ponto alto da Praia do Camilo \u00e9 sua localiza\u00e7\u00e3o, a menos de meia hora de caminhada do centro de Lagos. Dona Ana (Lagos) A Praia de Dona Ana j\u00e1 foi considerada uma das mais bonitas do mundo pela revista de turismo Cond\u00e9 Nast Traveller. E n\u00e3o \u00e9 mentira. Ao chegar ao pequeno mirante sobre a praia j\u00e1 d\u00e1 para ver a beleza do local, com suas curiosas forma\u00e7\u00f5es rochosas esculpidas pelas \u00e1guas \u2014 que formam pared\u00f5es, mas tamb\u00e9m se desprendem e formam verdadeiras esculturas em pleno mar. Dona Ana fica ao lado da Praia do Camilo (d\u00e1 para ir a p\u00e9 pela estrada de uma para outra) e para chegar at\u00e9 ela tamb\u00e9m \u00e9 preciso descer uma escadaria em madeira. A faixa de areia \u00e9 relativamente extensa para os padr\u00f5es do Algarve e h\u00e1 tamb\u00e9m mais estrutura: quiosques para venda de comidas e bebidas, al\u00e9m de aluguel de cadeiras, guarda-s\u00f3is e caiaque para um passeio pelas \u00e1guas portuguesas. Praia Jo\u00e3o Arens (Portim\u00e3o) Descobrimos a praia de Jo\u00e3o Arens somente porque nos propusemos a percorrer o Algarve de carro parando no maior n\u00famero de praias poss\u00edvel. N\u00e3o \u00e9 das areias mais conhecidas na regi\u00e3o \u2014 o que \u00e9 \u00f3timo para aqueles dias em que se quer sol, sil\u00eancio e \u00e1gua fresca \u2014 mas \u00e9 certamente uma das mais lindas delas. Ela fica escondida entre os pared\u00f5es rochosos de Portim\u00e3o e Alvor e para descer at\u00e9 sua areia \u00e9 preciso fazer uma mini aventura. Mas nada que exija os conhecimentos de um montanhista. Basta seguir por um caminho com cuidado e aten\u00e7\u00e3o. L\u00e1 embaixo, a praia cercada de pared\u00f5es \u00e9 um convite para ficar \u00e0 vontade. Super \u00e0 vontade: voc\u00ea certamente encontrar\u00e1 banhistas nus, curtindo um banho de sol. Se der vontade, fa\u00e7a o mesmo! Ao atravessar a fenda de uma fal\u00e9sia voc\u00ea chega a outra parte da praia, ainda mais isolada e cheia de forma\u00e7\u00f5es rochosas incr\u00edveis. S\u00f3 vale o lembrete: leve o que comer e beber e deixe em casa qualquer pingo de preconceito. Praia do Carvoeiro A Praia do Carvoeiro talvez nem esteja entre as mais belas do Algarve (e olha que \u00e9 linda!), mas \u00e9 aquela ideal para um dia sem perrengues: faixa de areia nem t\u00e3o apertada, com todos os servi\u00e7os dispon\u00edveis com facilidade. \u00c9 tamb\u00e9m uma das melhores praias para se hospedar no Algarve. A praia j\u00e1 come\u00e7a no fim do cal\u00e7ad\u00e3o principal do vilarejo, n\u00e3o \u00e9 preciso fazer trilhas, nem descer escadarias para chegar \u00e0 areia! D\u00e1 para estacionar o carro na cidade, passar o dia na praia, fazer uma pausa para o almo\u00e7o em algum dos tantos restaurantes do agrad\u00e1vel centrinho, tomar um sorvete de sobremesa, passear pelas lojinhas, fazer uma trilha pelo passadi\u00e7o de mais de 500 metros que liga o Algar Seco, na regi\u00e3o alta da cidade, \u00e0s ru\u00ednas do Farol da Nossa Senhora da Concei\u00e7\u00e3o. Da Praia do Carvoeiro ainda partem passeios de barcos em dire\u00e7\u00e3o ao Algar de Benagil. Assim como Lagos, onde est\u00e3o as praias do Camila e de Dona Ana, Carvoeiro \u00e9 tamb\u00e9m uma das melhores praias para fixar base para explorar o Algarve. Praia do Vale do Centeanes (Carvoeiro) N\u00e3o distante do vilarejo de Carvoeiro est\u00e1 a Praia do Vale de Centeanes, uma das mais \u201cfam\u00edlia\u201d da regi\u00e3o e de onde parte uma trilha fant\u00e1stica, o Percurso dos Sete Vales Suspensos, que percorre o topo das fal\u00e9sias de algumas das mais belas praias do Algarve. As vistas s\u00e3o incr\u00edveis e claro que ela faz parte da nossa lista de melhores praias do Algarve! Mas, seguindo: a Praia do Vale de Centeanes tem estacionamento pr\u00f3ximo, \u00e9 acess\u00edvel por uma escadaria e conta com uma extensa faixa de areia. Em uma de suas pontas o pared\u00e3o rochoso (por l\u00e1 chamado de arriba) \u00e9 esculpido pelo mar, dando lugar a uma bela gruta. Um restaurante atende toda a praia e h\u00e1 um quiosque para aluguel de caiaque. Ali\u00e1s, foi da Praia do Vale de Centeanes que partimos em um passeio guiado de caiaque rumo ao Algar de Benagil. Fant\u00e1stico \u2014 sobretudo quando feito bem cedinho, quando as praias, o mar e a gruta est\u00e3o praticamente vazios. Praia do Carvalho (Carvoeiro) Paix\u00e3o \u00e0 primeira vista. Lembro direitinho de chegar pela primeira vez na Praia do Carvalho. Larguei o carro sem ver direito o que me esperava, caminhei um pouco mais em dire\u00e7\u00e3o ao penhasco e l\u00e1 estava uma das praias mais lindas de todo o Algarve. \u00c9 como se fosse um \u201cU\u201d rochoso e, no meio dele, est\u00e1 uma praia de areia fina, um mar de cor incr\u00edvel e um leix\u00e3o logo \u00e0 frente. Leix\u00e3o? Aham, \u00e9 o nome espec\u00edfico para aqueles blocos de rocha que ficam isolados no mar. Voc\u00ea certamente ver\u00e1 v\u00e1rios no Algarve\u2026 e \u00e9 bom ir se acostumando com o nome. Para chegar \u00e0 areia \u00e9 preciso descer uma pequena escada esculpida no interior da rocha. E ent\u00e3o basta encontrar um cantinho para estender sua toalha. A praia n\u00e3o tem estrutura alguma, nem aluguel de cadeiras, nem restaurantes ou quiosques.<\/p>\n","protected":false},"author":1,"featured_media":0,"parent":0,"menu_order":0,"comment_status":"closed","ping_status":"closed","template":"","meta":{"footnotes":""},"class_list":["post-20","page","type-page","status-publish","hentry"],"_links":{"self":[{"href":"https:\/\/algarvemy.com\/index.php?rest_route=\/wp\/v2\/pages\/20","targetHints":{"allow":["GET"]}}],"collection":[{"href":"https:\/\/algarvemy.com\/index.php?rest_route=\/wp\/v2\/pages"}],"about":[{"href":"https:\/\/algarvemy.com\/index.php?rest_route=\/wp\/v2\/types\/page"}],"author":[{"embeddable":true,"href":"https:\/\/algarvemy.com\/index.php?rest_route=\/wp\/v2\/users\/1"}],"replies":[{"embeddable":true,"href":"https:\/\/algarvemy.com\/index.php?rest_route=%2Fwp%2Fv2%2Fcomments&post=20"}],"version-history":[{"count":21,"href":"https:\/\/algarvemy.com\/index.php?rest_route=\/wp\/v2\/pages\/20\/revisions"}],"predecessor-version":[{"id":254,"href":"https:\/\/algarvemy.com\/index.php?rest_route=\/wp\/v2\/pages\/20\/revisions\/254"}],"wp:attachment":[{"href":"https:\/\/algarvemy.com\/index.php?rest_route=%2Fwp%2Fv2%2Fmedia&parent=20"}],"curies":[{"name":"wp","href":"https:\/\/api.w.org\/{rel}","templated":true}]}}